{"id":15,"date":"2026-02-04T16:10:29","date_gmt":"2026-02-04T16:10:29","guid":{"rendered":"https:\/\/cdcombrasil.com\/?page_id=15"},"modified":"2026-05-13T17:26:15","modified_gmt":"2026-05-13T17:26:15","slug":"lucas-dragone","status":"publish","type":"page","link":"https:\/\/cdcombrasil.com\/index.php\/lucas-dragone\/","title":{"rendered":"Lucas Dragone"},"content":{"rendered":"\t\t<div data-elementor-type=\"wp-page\" data-elementor-id=\"15\" class=\"elementor elementor-15\" data-elementor-post-type=\"page\">\n\t\t\t\t<div class=\"elementor-element elementor-element-f76f00e e-flex e-con-boxed e-con e-parent\" data-id=\"f76f00e\" data-element_type=\"container\" data-e-type=\"container\" data-settings=\"{&quot;background_background&quot;:&quot;classic&quot;}\">\n\t\t\t\t\t<div class=\"e-con-inner\">\n\t\t\t\t<div class=\"elementor-element elementor-element-484a67c elementor-widget__width-initial elementor-widget-tablet__width-initial animated-slow elementor-invisible elementor-widget elementor-widget-heading\" data-id=\"484a67c\" data-element_type=\"widget\" data-e-type=\"widget\" data-settings=\"{&quot;_animation&quot;:&quot;fadeInUp&quot;,&quot;_animation_delay&quot;:400}\" data-widget_type=\"heading.default\">\n\t\t\t\t\t<h2 class=\"elementor-heading-title elementor-size-default\">Lucas Dragone<\/h2>\t\t\t\t<\/div>\n\t\t\t\t\t<\/div>\n\t\t\t\t<\/div>\n\t\t<div class=\"elementor-element elementor-element-14ddb4e e-flex e-con-boxed e-con e-parent\" data-id=\"14ddb4e\" data-element_type=\"container\" data-e-type=\"container\">\n\t\t\t\t\t<div class=\"e-con-inner\">\n\t\t<div class=\"elementor-element elementor-element-48e654f e-con-full e-flex e-con e-child\" data-id=\"48e654f\" data-element_type=\"container\" data-e-type=\"container\">\n\t\t\t\t<div class=\"elementor-element elementor-element-f46b237 elementor-widget elementor-widget-text-editor\" data-id=\"f46b237\" data-element_type=\"widget\" data-e-type=\"widget\" data-widget_type=\"text-editor.default\">\n\t\t\t\t\t\t\t\t\t<p>Linguista, mentor em flu\u00eancia e especialista em neurolingu\u00edstica aplicada \u00e0 comunica\u00e7\u00e3o, Lucas Dragone possui mais de 25 anos de experi\u00eancia em educa\u00e7\u00e3o e desenvolvimento da aplica\u00e7\u00e3o do idioma Ingl\u00eas.\u00a0<\/p><p>Criador do m\u00e9todo FalaQueFlui!, Lucas desenvolveu uma abordagem que integra princ\u00edpios da PNL e da neuroci\u00eancia da linguagem para desenvolver uma fala fluente, natural e segura.\u00a0<\/p><p>Autodidata em ingl\u00eas h\u00e1 mais de 37 anos e formado em Letras, Lucas tornou-se refer\u00eancia na forma\u00e7\u00e3o de l\u00edderes bil\u00edngues capazes de se comunicar com confian\u00e7a em ambientes internacionais.<\/p>\t\t\t\t\t\t\t\t<\/div>\n\t\t\t\t<div class=\"elementor-element elementor-element-b3616e6 elementor-widget-divider--view-line elementor-widget elementor-widget-divider\" data-id=\"b3616e6\" data-element_type=\"widget\" data-e-type=\"widget\" data-widget_type=\"divider.default\">\n\t\t\t\t\t\t\t<div class=\"elementor-divider\">\n\t\t\t<span class=\"elementor-divider-separator\">\n\t\t\t\t\t\t<\/span>\n\t\t<\/div>\n\t\t\t\t\t\t<\/div>\n\t\t\t\t<div class=\"elementor-element elementor-element-27e814e elementor-widget elementor-widget-heading\" data-id=\"27e814e\" data-element_type=\"widget\" data-e-type=\"widget\" data-widget_type=\"heading.default\">\n\t\t\t\t\t<h2 class=\"elementor-heading-title elementor-size-default\">Me siga<\/h2>\t\t\t\t<\/div>\n\t\t\t\t<div class=\"elementor-element elementor-element-cb03fdc elementor-icon-list--layout-inline elementor-list-item-link-full_width elementor-widget elementor-widget-icon-list\" data-id=\"cb03fdc\" data-element_type=\"widget\" data-e-type=\"widget\" data-widget_type=\"icon-list.default\">\n\t\t\t\t\t\t\t<ul class=\"elementor-icon-list-items elementor-inline-items\">\n\t\t\t\t\t\t\t<li class=\"elementor-icon-list-item elementor-inline-item\">\n\t\t\t\t\t\t\t\t\t\t\t<a href=\"https:\/\/www.instagram.com\/lucasdragoneoficial\/\">\n\n\t\t\t\t\t\t\t\t\t\t\t\t<span class=\"elementor-icon-list-icon\">\n\t\t\t\t\t\t\t<svg aria-hidden=\"true\" class=\"e-font-icon-svg e-fab-instagram\" viewBox=\"0 0 448 512\" xmlns=\"http:\/\/www.w3.org\/2000\/svg\"><path d=\"M224.1 141c-63.6 0-114.9 51.3-114.9 114.9s51.3 114.9 114.9 114.9S339 319.5 339 255.9 287.7 141 224.1 141zm0 189.6c-41.1 0-74.7-33.5-74.7-74.7s33.5-74.7 74.7-74.7 74.7 33.5 74.7 74.7-33.6 74.7-74.7 74.7zm146.4-194.3c0 14.9-12 26.8-26.8 26.8-14.9 0-26.8-12-26.8-26.8s12-26.8 26.8-26.8 26.8 12 26.8 26.8zm76.1 27.2c-1.7-35.9-9.9-67.7-36.2-93.9-26.2-26.2-58-34.4-93.9-36.2-37-2.1-147.9-2.1-184.9 0-35.8 1.7-67.6 9.9-93.9 36.1s-34.4 58-36.2 93.9c-2.1 37-2.1 147.9 0 184.9 1.7 35.9 9.9 67.7 36.2 93.9s58 34.4 93.9 36.2c37 2.1 147.9 2.1 184.9 0 35.9-1.7 67.7-9.9 93.9-36.2 26.2-26.2 34.4-58 36.2-93.9 2.1-37 2.1-147.8 0-184.8zM398.8 388c-7.8 19.6-22.9 34.7-42.6 42.6-29.5 11.7-99.5 9-132.1 9s-102.7 2.6-132.1-9c-19.6-7.8-34.7-22.9-42.6-42.6-11.7-29.5-9-99.5-9-132.1s-2.6-102.7 9-132.1c7.8-19.6 22.9-34.7 42.6-42.6 29.5-11.7 99.5-9 132.1-9s102.7-2.6 132.1 9c19.6 7.8 34.7 22.9 42.6 42.6 11.7 29.5 9 99.5 9 132.1s2.7 102.7-9 132.1z\"><\/path><\/svg>\t\t\t\t\t\t<\/span>\n\t\t\t\t\t\t\t\t\t\t<span class=\"elementor-icon-list-text\">@lucasdragoneoficial<\/span>\n\t\t\t\t\t\t\t\t\t\t\t<\/a>\n\t\t\t\t\t\t\t\t\t<\/li>\n\t\t\t\t\t\t<\/ul>\n\t\t\t\t\t\t<\/div>\n\t\t\t\t<\/div>\n\t\t<div class=\"elementor-element elementor-element-0a6f066 e-con-full e-flex e-con e-child\" data-id=\"0a6f066\" data-element_type=\"container\" data-e-type=\"container\">\n\t\t\t\t<div class=\"elementor-element elementor-element-4f06ab2 elementor-widget elementor-widget-image\" data-id=\"4f06ab2\" data-element_type=\"widget\" data-e-type=\"widget\" data-widget_type=\"image.default\">\n\t\t\t\t\t\t\t\t\t\t\t\t\t\t\t<img fetchpriority=\"high\" decoding=\"async\" width=\"700\" height=\"1000\" src=\"https:\/\/cdcombrasil.com\/wp-content\/uploads\/2026\/05\/l.jpg\" class=\"attachment-large size-large wp-image-451\" alt=\"\" srcset=\"https:\/\/cdcombrasil.com\/wp-content\/uploads\/2026\/05\/l.jpg 700w, https:\/\/cdcombrasil.com\/wp-content\/uploads\/2026\/05\/l-210x300.jpg 210w\" sizes=\"(max-width: 700px) 100vw, 700px\" \/>\t\t\t\t\t\t\t\t\t\t\t\t\t\t\t<\/div>\n\t\t\t\t<\/div>\n\t\t\t\t\t<\/div>\n\t\t\t\t<\/div>\n\t\t<div class=\"elementor-element elementor-element-2b5d019 e-con-full e-flex e-con e-parent\" data-id=\"2b5d019\" data-element_type=\"container\" data-e-type=\"container\" data-settings=\"{&quot;background_background&quot;:&quot;classic&quot;}\">\n\t\t\t\t<div class=\"elementor-element elementor-element-558a1b2 animated-slow elementor-invisible elementor-widget elementor-widget-html\" data-id=\"558a1b2\" data-element_type=\"widget\" data-e-type=\"widget\" data-settings=\"{&quot;_animation&quot;:&quot;fadeIn&quot;,&quot;_animation_delay&quot;:900}\" data-widget_type=\"html.default\">\n\t\t\t\t\t\n<div class=\"marquee123\">\n    <div class=\"marquee123__group\">\n      <span>INFLU\u00caNCIA E RESULTADO .<\/span>\n         <span>INFLU\u00caNCIA E RESULTADO .<\/span><span>INFLU\u00caNCIA E RESULTADO .<\/span>\n           <span>INFLU\u00caNCIA E RESULTADO .<\/span><span>INFLU\u00caNCIA E RESULTADO .<\/span>\n             <span>INFLU\u00caNCIA E RESULTADO .<\/span><span>INFLU\u00caNCIA E RESULTADO .<\/span>\n         <span>INFLU\u00caNCIA E RESULTADO .<\/span><span>INFLU\u00caNCIA E RESULTADO .<\/span>\n           <span>INFLU\u00caNCIA E RESULTADO .<\/span>\n     \n    <\/div>\n  <div class=\"marquee1__group\" aria-hidden=\"true\">\n      <span>INFLU\u00caNCIA E RESULTADO .<\/span>\n         <span>INFLU\u00caNCIA E RESULTADO .<\/span><span>INFLU\u00caNCIA E RESULTADO .<\/span>\n           <span>INFLU\u00caNCIA E RESULTADO .<\/span><span>INFLU\u00caNCIA E RESULTADO .<\/span>\n             <span>INFLU\u00caNCIA E RESULTADO .<\/span><span>INFLU\u00caNCIA E RESULTADO .<\/span>\n         <span>INFLU\u00caNCIA E RESULTADO .<\/span><span>INFLU\u00caNCIA E RESULTADO .<\/span>\n           <span>INFLU\u00caNCIA E RESULTADO .<\/span>\n    <\/div>\n<\/div>\t\t\t\t<\/div>\n\t\t\t\t<\/div>\n\t\t<div class=\"elementor-element elementor-element-f649077 e-flex e-con-boxed e-con e-parent\" data-id=\"f649077\" data-element_type=\"container\" data-e-type=\"container\">\n\t\t\t\t\t<div class=\"e-con-inner\">\n\t\t\t\t<div class=\"elementor-element elementor-element-1645171 elementor-widget elementor-widget-heading\" data-id=\"1645171\" data-element_type=\"widget\" data-e-type=\"widget\" data-widget_type=\"heading.default\">\n\t\t\t\t\t<h2 class=\"elementor-heading-title elementor-size-default\">solu\u00e7\u00f5es<\/h2>\t\t\t\t<\/div>\n\t\t\t\t\t<\/div>\n\t\t\t\t<\/div>\n\t\t<div class=\"elementor-element elementor-element-7c0b2b0 e-flex e-con-boxed e-con e-parent\" data-id=\"7c0b2b0\" data-element_type=\"container\" data-e-type=\"container\" data-settings=\"{&quot;background_background&quot;:&quot;classic&quot;}\">\n\t\t\t\t\t<div class=\"e-con-inner\">\n\t\t<div class=\"elementor-element elementor-element-9ce3b74 e-con-full e-flex e-con e-child\" data-id=\"9ce3b74\" data-element_type=\"container\" data-e-type=\"container\" data-settings=\"{&quot;background_background&quot;:&quot;classic&quot;,&quot;sticky&quot;:&quot;top&quot;,&quot;sticky_offset&quot;:100,&quot;sticky_parent&quot;:&quot;yes&quot;,&quot;sticky_on&quot;:[&quot;desktop&quot;,&quot;tablet&quot;,&quot;mobile&quot;],&quot;sticky_effects_offset&quot;:0,&quot;sticky_anchor_link_offset&quot;:0}\">\n\t\t<div class=\"elementor-element elementor-element-85d632b e-con-full e-flex e-con e-child\" data-id=\"85d632b\" data-element_type=\"container\" data-e-type=\"container\" data-settings=\"{&quot;background_background&quot;:&quot;video&quot;,&quot;background_play_on_mobile&quot;:&quot;yes&quot;}\">\n\t\t\t\t<div class=\"elementor-element elementor-element-6f14d57 elementor-widget elementor-widget-image\" data-id=\"6f14d57\" data-element_type=\"widget\" data-e-type=\"widget\" data-widget_type=\"image.default\">\n\t\t\t\t\t\t\t\t\t\t\t\t\t\t\t<img decoding=\"async\" src=\"https:\/\/cdcombrasil.com\/wp-content\/plugins\/elementor\/assets\/images\/placeholder.png\" title=\"\" alt=\"\" loading=\"lazy\" \/>\t\t\t\t\t\t\t\t\t\t\t\t\t\t\t<\/div>\n\t\t\t\t<\/div>\n\t\t<div class=\"elementor-element elementor-element-5de900e e-con-full e-flex e-con e-child\" data-id=\"5de900e\" data-element_type=\"container\" data-e-type=\"container\">\n\t\t\t\t<div class=\"elementor-element elementor-element-0279014 elementor-icon-list--layout-traditional elementor-list-item-link-full_width elementor-widget elementor-widget-icon-list\" data-id=\"0279014\" data-element_type=\"widget\" data-e-type=\"widget\" data-widget_type=\"icon-list.default\">\n\t\t\t\t\t\t\t<ul class=\"elementor-icon-list-items\">\n\t\t\t\t\t\t\t<li class=\"elementor-icon-list-item\">\n\t\t\t\t\t\t\t\t\t\t\t<span class=\"elementor-icon-list-icon\">\n\t\t\t\t\t\t\t<svg xmlns=\"http:\/\/www.w3.org\/2000\/svg\" width=\"9\" height=\"9\" viewBox=\"0 0 9 9\" fill=\"none\"><rect width=\"9\" height=\"9\" fill=\"white\"><\/rect><\/svg>\t\t\t\t\t\t<\/span>\n\t\t\t\t\t\t\t\t\t\t<span class=\"elementor-icon-list-text\">LUCAS DRAGONE<\/span>\n\t\t\t\t\t\t\t\t\t<\/li>\n\t\t\t\t\t\t<\/ul>\n\t\t\t\t\t\t<\/div>\n\t\t\t\t<div class=\"elementor-element elementor-element-e9a1d00 elementor-widget__width-initial elementor-widget elementor-widget-heading\" data-id=\"e9a1d00\" data-element_type=\"widget\" data-e-type=\"widget\" data-widget_type=\"heading.default\">\n\t\t\t\t\t<h2 class=\"elementor-heading-title elementor-size-default\"><a href=\"https:\/\/cdcombrasil.com\/index.php\/lucas-dragone\/\">Comunica\u00e7\u00e3o em Ingl\u00eas de Alta Performance<\/a><\/h2>\t\t\t\t<\/div>\n\t\t\t\t<div class=\"elementor-element elementor-element-10aef6e elementor-widget__width-initial elementor-widget elementor-widget-text-editor\" data-id=\"10aef6e\" data-element_type=\"widget\" data-e-type=\"widget\" data-widget_type=\"text-editor.default\">\n\t\t\t\t\t\t\t\t\t<p><span style=\"font-weight: 400;\">Um programa completo para desenvolver comunica\u00e7\u00e3o natural, segura e estrat\u00e9gica em ingl\u00eas<\/span><\/p>\t\t\t\t\t\t\t\t<\/div>\n\t\t\t\t<div class=\"elementor-element elementor-element-36035b3 elementor-widget-divider--view-line elementor-widget elementor-widget-divider\" data-id=\"36035b3\" data-element_type=\"widget\" data-e-type=\"widget\" data-widget_type=\"divider.default\">\n\t\t\t\t\t\t\t<div class=\"elementor-divider\">\n\t\t\t<span class=\"elementor-divider-separator\">\n\t\t\t\t\t\t<\/span>\n\t\t<\/div>\n\t\t\t\t\t\t<\/div>\n\t\t\t\t<div class=\"elementor-element elementor-element-d52c93b elementor-icon-list--layout-traditional elementor-list-item-link-full_width elementor-widget elementor-widget-icon-list\" data-id=\"d52c93b\" data-element_type=\"widget\" data-e-type=\"widget\" data-widget_type=\"icon-list.default\">\n\t\t\t\t\t\t\t<ul class=\"elementor-icon-list-items\">\n\t\t\t\t\t\t\t<li class=\"elementor-icon-list-item\">\n\t\t\t\t\t\t\t\t\t\t\t<a href=\"https:\/\/cdcombrasil.com\/index.php\/lucas-dragone\/\">\n\n\t\t\t\t\t\t\t\t\t\t\t\t<span class=\"elementor-icon-list-icon\">\n\t\t\t\t\t\t\t<svg xmlns=\"http:\/\/www.w3.org\/2000\/svg\" width=\"32\" height=\"8\" viewBox=\"0 0 32 8\" fill=\"none\"><path d=\"M31.3536 4.03544C31.5488 3.84018 31.5488 3.52359 31.3536 3.32833L28.1716 0.146351C27.9763 -0.0489113 27.6597 -0.0489113 27.4645 0.146351C27.2692 0.341613 27.2692 0.658195 27.4645 0.853458L30.2929 3.68188L27.4645 6.51031C27.2692 6.70557 27.2692 7.02216 27.4645 7.21742C27.6597 7.41268 27.9763 7.41268 28.1716 7.21742L31.3536 4.03544ZM0 3.68188L0 4.18188L31 4.18188V3.68188V3.18188L0 3.18188L0 3.68188Z\" fill=\"white\"><\/path><\/svg>\t\t\t\t\t\t<\/span>\n\t\t\t\t\t\t\t\t\t\t<span class=\"elementor-icon-list-text\">Conhe\u00e7a mais<\/span>\n\t\t\t\t\t\t\t\t\t\t\t<\/a>\n\t\t\t\t\t\t\t\t\t<\/li>\n\t\t\t\t\t\t<\/ul>\n\t\t\t\t\t\t<\/div>\n\t\t\t\t<\/div>\n\t\t\t\t<\/div>\n\t\t<div class=\"elementor-element elementor-element-a5f35b0 e-con-full e-flex e-con e-child\" data-id=\"a5f35b0\" data-element_type=\"container\" data-e-type=\"container\" data-settings=\"{&quot;background_background&quot;:&quot;classic&quot;,&quot;sticky&quot;:&quot;top&quot;,&quot;sticky_offset&quot;:100,&quot;sticky_parent&quot;:&quot;yes&quot;,&quot;sticky_on&quot;:[&quot;desktop&quot;,&quot;tablet&quot;,&quot;mobile&quot;],&quot;sticky_effects_offset&quot;:0,&quot;sticky_anchor_link_offset&quot;:0}\">\n\t\t<div class=\"elementor-element elementor-element-7c7b6a6 e-con-full e-flex e-con e-child\" data-id=\"7c7b6a6\" data-element_type=\"container\" data-e-type=\"container\" data-settings=\"{&quot;background_background&quot;:&quot;video&quot;,&quot;background_play_on_mobile&quot;:&quot;yes&quot;}\">\n\t\t\t\t<div class=\"elementor-element elementor-element-c096a83 elementor-widget elementor-widget-image\" data-id=\"c096a83\" data-element_type=\"widget\" data-e-type=\"widget\" data-widget_type=\"image.default\">\n\t\t\t\t\t\t\t\t\t\t\t\t\t\t\t<img decoding=\"async\" src=\"https:\/\/cdcombrasil.com\/wp-content\/plugins\/elementor\/assets\/images\/placeholder.png\" title=\"\" alt=\"\" loading=\"lazy\" \/>\t\t\t\t\t\t\t\t\t\t\t\t\t\t\t<\/div>\n\t\t\t\t<\/div>\n\t\t<div class=\"elementor-element elementor-element-41ebce0 e-con-full e-flex e-con e-child\" data-id=\"41ebce0\" data-element_type=\"container\" data-e-type=\"container\">\n\t\t\t\t<div class=\"elementor-element elementor-element-e769d92 elementor-icon-list--layout-traditional elementor-list-item-link-full_width elementor-widget elementor-widget-icon-list\" data-id=\"e769d92\" data-element_type=\"widget\" data-e-type=\"widget\" data-widget_type=\"icon-list.default\">\n\t\t\t\t\t\t\t<ul class=\"elementor-icon-list-items\">\n\t\t\t\t\t\t\t<li class=\"elementor-icon-list-item\">\n\t\t\t\t\t\t\t\t\t\t\t<span class=\"elementor-icon-list-icon\">\n\t\t\t\t\t\t\t<svg xmlns=\"http:\/\/www.w3.org\/2000\/svg\" width=\"9\" height=\"9\" viewBox=\"0 0 9 9\" fill=\"none\"><rect width=\"9\" height=\"9\" fill=\"white\"><\/rect><\/svg>\t\t\t\t\t\t<\/span>\n\t\t\t\t\t\t\t\t\t\t<span class=\"elementor-icon-list-text\">LUCAS DRAGONE<\/span>\n\t\t\t\t\t\t\t\t\t<\/li>\n\t\t\t\t\t\t<\/ul>\n\t\t\t\t\t\t<\/div>\n\t\t\t\t<div class=\"elementor-element elementor-element-d4589fa elementor-widget__width-initial elementor-widget elementor-widget-heading\" data-id=\"d4589fa\" data-element_type=\"widget\" data-e-type=\"widget\" data-widget_type=\"heading.default\">\n\t\t\t\t\t<h2 class=\"elementor-heading-title elementor-size-default\"><a href=\"https:\/\/cdcombrasil.com\/index.php\/lucas-dragone\/\">Palestras sobre Comunica\u00e7\u00e3o Global<\/a><\/h2>\t\t\t\t<\/div>\n\t\t\t\t<div class=\"elementor-element elementor-element-e806080 elementor-widget__width-initial elementor-widget elementor-widget-text-editor\" data-id=\"e806080\" data-element_type=\"widget\" data-e-type=\"widget\" data-widget_type=\"text-editor.default\">\n\t\t\t\t\t\t\t\t\t<p><span style=\"font-weight: 400;\">Palestras sobre comunica\u00e7\u00e3o internacional, flu\u00eancia e lideran\u00e7a global.<\/span><\/p>\t\t\t\t\t\t\t\t<\/div>\n\t\t\t\t<div class=\"elementor-element elementor-element-8649b34 elementor-widget-divider--view-line elementor-widget elementor-widget-divider\" data-id=\"8649b34\" data-element_type=\"widget\" data-e-type=\"widget\" data-widget_type=\"divider.default\">\n\t\t\t\t\t\t\t<div class=\"elementor-divider\">\n\t\t\t<span class=\"elementor-divider-separator\">\n\t\t\t\t\t\t<\/span>\n\t\t<\/div>\n\t\t\t\t\t\t<\/div>\n\t\t\t\t<div class=\"elementor-element elementor-element-5bfc528 elementor-icon-list--layout-traditional elementor-list-item-link-full_width elementor-widget elementor-widget-icon-list\" data-id=\"5bfc528\" data-element_type=\"widget\" data-e-type=\"widget\" data-widget_type=\"icon-list.default\">\n\t\t\t\t\t\t\t<ul class=\"elementor-icon-list-items\">\n\t\t\t\t\t\t\t<li class=\"elementor-icon-list-item\">\n\t\t\t\t\t\t\t\t\t\t\t<a href=\"https:\/\/cdcombrasil.com\/index.php\/lucas-dragone\/\">\n\n\t\t\t\t\t\t\t\t\t\t\t\t<span class=\"elementor-icon-list-icon\">\n\t\t\t\t\t\t\t<svg xmlns=\"http:\/\/www.w3.org\/2000\/svg\" width=\"32\" height=\"8\" viewBox=\"0 0 32 8\" fill=\"none\"><path d=\"M31.3536 4.03544C31.5488 3.84018 31.5488 3.52359 31.3536 3.32833L28.1716 0.146351C27.9763 -0.0489113 27.6597 -0.0489113 27.4645 0.146351C27.2692 0.341613 27.2692 0.658195 27.4645 0.853458L30.2929 3.68188L27.4645 6.51031C27.2692 6.70557 27.2692 7.02216 27.4645 7.21742C27.6597 7.41268 27.9763 7.41268 28.1716 7.21742L31.3536 4.03544ZM0 3.68188L0 4.18188L31 4.18188V3.68188V3.18188L0 3.18188L0 3.68188Z\" fill=\"white\"><\/path><\/svg>\t\t\t\t\t\t<\/span>\n\t\t\t\t\t\t\t\t\t\t<span class=\"elementor-icon-list-text\">Conhe\u00e7a mais<\/span>\n\t\t\t\t\t\t\t\t\t\t\t<\/a>\n\t\t\t\t\t\t\t\t\t<\/li>\n\t\t\t\t\t\t<\/ul>\n\t\t\t\t\t\t<\/div>\n\t\t\t\t<\/div>\n\t\t\t\t<\/div>\n\t\t\t\t\t<\/div>\n\t\t\t\t<\/div>\n\t\t\t\t<\/div>\n\t\t","protected":false},"excerpt":{"rendered":"<p>Lucas Dragone Linguista, mentor em flu\u00eancia e especialista em neurolingu\u00edstica aplicada \u00e0 comunica\u00e7\u00e3o, Lucas Dragone possui mais de 25 anos de experi\u00eancia em educa\u00e7\u00e3o e desenvolvimento da aplica\u00e7\u00e3o do idioma Ingl\u00eas.\u00a0 Criador do m\u00e9todo FalaQueFlui!, Lucas desenvolveu uma abordagem que integra princ\u00edpios da PNL e da neuroci\u00eancia da linguagem para desenvolver uma fala fluente, natural [&hellip;]<\/p>\n","protected":false},"author":1,"featured_media":0,"parent":0,"menu_order":0,"comment_status":"closed","ping_status":"closed","template":"elementor_header_footer","meta":{"_acf_changed":false,"footnotes":""},"class_list":["post-15","page","type-page","status-publish","hentry"],"acf":[],"_links":{"self":[{"href":"https:\/\/cdcombrasil.com\/index.php\/wp-json\/wp\/v2\/pages\/15","targetHints":{"allow":["GET"]}}],"collection":[{"href":"https:\/\/cdcombrasil.com\/index.php\/wp-json\/wp\/v2\/pages"}],"about":[{"href":"https:\/\/cdcombrasil.com\/index.php\/wp-json\/wp\/v2\/types\/page"}],"author":[{"embeddable":true,"href":"https:\/\/cdcombrasil.com\/index.php\/wp-json\/wp\/v2\/users\/1"}],"replies":[{"embeddable":true,"href":"https:\/\/cdcombrasil.com\/index.php\/wp-json\/wp\/v2\/comments?post=15"}],"version-history":[{"count":61,"href":"https:\/\/cdcombrasil.com\/index.php\/wp-json\/wp\/v2\/pages\/15\/revisions"}],"predecessor-version":[{"id":506,"href":"https:\/\/cdcombrasil.com\/index.php\/wp-json\/wp\/v2\/pages\/15\/revisions\/506"}],"wp:attachment":[{"href":"https:\/\/cdcombrasil.com\/index.php\/wp-json\/wp\/v2\/media?parent=15"}],"curies":[{"name":"wp","href":"https:\/\/api.w.org\/{rel}","templated":true}]}}